{"id":28463,"date":"2020-12-29T12:30:21","date_gmt":"2020-12-29T11:30:21","guid":{"rendered":"http:\/\/wirtschaftlichefreiheit.de\/wordpress\/?page_id=28463"},"modified":"2022-05-14T08:19:15","modified_gmt":"2022-05-14T07:19:15","slug":"teilnehmer","status":"publish","type":"page","link":"https:\/\/wirtschaftlichefreiheit.de\/wordpress\/?page_id=28463","title":{"rendered":"Teilnehmer"},"content":{"rendered":"<div class=\"autor-page-group\">\n<div class=\"autor-page-left\"><img decoding=\"async\" src=\"\/wordpress\/bilder\/ass.png\" alt=\"\" \/><\/div>\n<div class=\"autor-page-right\">\n<div class=\"autor-page-name\">Dr. Katrin Assenmacher<\/div>\n<p><a href=\"https:\/\/www.ecb.europa.eu\/pub\/research\/authors\/profiles\/katrin-assenmacher.en.html\">Katrin Assenmacher<\/a> ist Leiterin der Abteilung f\u00fcr Geldpolitische Strategie der EZB.<\/p>\n<\/div>\n<\/div>\n<div class=\"autor-page-group\">\n<div class=\"autor-page-left\"><img decoding=\"async\" class=\"\" src=\"\/wordpress\/bilder\/autoren\/norbert_berthold.jpg\" alt=\"\" \/><\/div>\n<div class=\"autor-page-right\">\n<div class=\"autor-page-name\">Prof. Dr. Norbert Berthold<\/div>\n<p><a href=\"http:\/\/www.vwl.uni-wuerzburg.de\/lehrstuehle\/vwl4\/team\/lehrstuhlinhaber\/\" target=\"_blank\" rel=\"noopener\">Norbert Berthold<\/a> (emeritiert) war Inhaber des <a href=\"http:\/\/www.vwl.uni-wuerzburg.de\/lehrstuehle\/vwl4\/startseite\/\" target=\"_blank\" rel=\"noopener\">Lehrstuhls<\/a> f\u00fcr Volkswirtschaftslehre, insbesondere Wirtschaftsordnung und Sozialpolitik an der <a href=\"http:\/\/www.uni-wuerzburg.de\/\" target=\"_blank\" rel=\"noopener\">Julius-Maximilians-Universit\u00e4t W\u00fcrzburg<\/a>.<\/p>\n<\/div>\n<\/div>\n<div class=\"autor-page-group\">\n<div class=\"autor-page-left\"><img decoding=\"async\" src=\"\/wordpress\/bilder\/autoren\/frank_daumann\" alt=\"\" \/><\/div>\n<div class=\"autor-page-right\">\n<div class=\"autor-page-name\">Prof. Dr. Frank Daumann<\/div>\n<p><a href=\"http:\/\/www.uni-jena.de\/Frank_Daumann\" target=\"nsnbGYdJ8txFkan9Frg9Mg1\">Frank Daumann<\/a> ist Inhaber des Lehrstuhls f\u00fcr Sport\u00f6konomie und Gesundheits\u00f6konomie an der <a href=\"http:\/\/www.uni-jena.de\/\" target=\"28ey2j3OeKyRdVR7U04xrw2\">Friedrich-Schiller-Universit\u00e4t Jena<\/a>.<\/p>\n<\/div>\n<\/div>\n<div class=\"autor-page-group\">\n<div class=\"autor-page-left\"><img decoding=\"async\" src=\"\/wordpress\/bilder\/feld.png\" alt=\"\" \/><\/div>\n<div class=\"autor-page-right\">\n<div class=\"autor-page-name\">Prof. Dr. Lars P. Feld<\/div>\n<p><a href=\"https:\/\/www.ordo.uni-freiburg.de\/de\/Mitarbeiter\/lehrstuhlleitung\">Lars P. Feld<\/a> ist Inhaber des Lehrstuhls f\u00fcr Wirtschaftspolitik und Ordnungs\u00f6konomik an der Albert-Ludwigs-Universit\u00e4t Freiburg und Direktor des Walter Eucken Instituts in Freiburg.<\/p>\n<\/div>\n<\/div>\n<div class=\"autor-page-group\">\n<div class=\"autor-page-left\"><img decoding=\"async\" src=\"\/wordpress\/bilder\/234.png\" alt=\"\" \/><\/div>\n<div class=\"autor-page-right\">\n<div class=\"autor-page-name\">Prof. Dr. Florian Follert<\/div>\n<p><a href=\"https:\/\/www.uni-seeburg.at\/universitaet\/personen\/professoren\/florian-follert\/\">Florian Follert<\/a> ist Assistenzprofessor f\u00fcr Unternehmensrechnung und Sport\u00f6konomik an der Privatuniversit\u00e4t Schloss Seeburg in Seekirchen am Wallersee, \u00d6sterreich.<\/p>\n<\/div>\n<\/div>\n<div class=\"autor-page-group\">\n<div class=\"autor-page-left\"><img decoding=\"async\" src=\"\/wordpress\/bilder\/bruno.png\" alt=\"\" \/><\/div>\n<div class=\"autor-page-right\">\n<div class=\"autor-page-name\">Prof. Dr. Bruno S. Frey<\/div>\n<p><a href=\"https:\/\/www.bsfrey.ch\/\">Bruno S. Frey<\/a> ist st\u00e4ndiger Gastprofessor an der Universit\u00e4t Basel (CREW \u2013 Center for Research in Economics and Well-Being).<\/p>\n<\/div>\n<\/div>\n<div class=\"autor-page-group\">\n<div class=\"autor-page-left\"><img decoding=\"async\" src=\"\/wordpress\/bilder\/Fondel.png\" alt=\"\" \/><\/div>\n<div class=\"autor-page-right\">\n<div class=\"autor-page-name\">Prof. Dr. Manuel Frondel<\/div>\n<div><a href=\"http:\/\/www.rwi-essen.de\/frondel\">Manuel Frondel<\/a> ist Professor f\u00fcr Energie\u00f6konomik und angewandte \u00d6konometrie der Ruhr-Universit\u00e4t Bochum und Leiter des Kompetenzbereichs <a href=\"http:\/\/www.rwi-essen.de\/forschung-und-beratung\/umwelt-und-ressourcen\/\">&#8222;Umwelt und Ressourcen&#8220;<\/a> am RWI Essen.<\/div>\n<\/div>\n<\/div>\n<div class=\"autor-page-group\">\n<div class=\"autor-page-left\"><img decoding=\"async\" src=\"\/wordpress\/bilder\/autoren\/groemling_michael.jpg\" alt=\"\" \/><\/div>\n<div class=\"autor-page-right\">\n<div class=\"autor-page-name\">Prof. Dr. Michael Gr\u00f6mling<\/div>\n<p>Michael Gr\u00f6mling ist <a href=\"http:\/\/www.fh-bad-honnef.de\/cms\/index.php\/de\/about_us\/team\/professors\/int_betriebswirtschaft\" target=\"_blank\" rel=\"noopener\">Professor<\/a> f\u00fcr Volkswirtschaftslehre an der Internationalen <a href=\"http:\/\/www.fh-bad-honnef.de\/\" target=\"_blank\" rel=\"noopener\">Fachhochschule<\/a> Bad Honnef \/ Bonn und leitet das Referat <a href=\"http:\/\/www.iwkoeln.de\/tabid\/104\/default.aspx\" target=\"_blank\" rel=\"noopener\">Makro\u00f6konomische Grundsatzfragen<\/a> beim <a href=\"http:\/\/www.iwkoeln.de\/\" target=\"_blank\" rel=\"noopener\">Institut<\/a> der deutschen Wirtschaft K\u00f6ln.<\/p>\n<\/div>\n<\/div>\n<div class=\"autor-page-group\">\n<div class=\"autor-page-left\"><img decoding=\"async\" src=\"\/wordpress\/bilder\/Heinemann.png\" alt=\"\" \/><\/div>\n<div class=\"autor-page-right\">\n<div class=\"autor-page-name\">Prof. Dr. Friedrich Heinemann<\/div>\n<p><a href=\"https:\/\/www.zew.de\/team\/fhe\">Friedrich Heinemann<\/a> leitet am ZEW \u2013 Leibniz-Zentrum f\u00fcr Europ\u00e4ische Wirtschaftsforschung den Forschungsbereich \u00d6ffentliche Finanzen und lehrt Volkswirtschaftslehre an der Universit\u00e4t Heidelberg.<\/p>\n<\/div>\n<\/div>\n<div class=\"autor-page-group\">\n<div class=\"autor-page-left\"><img decoding=\"async\" src=\"\/wordpress\/bilder\/heise123.png\" alt=\"\" \/><\/div>\n<div class=\"autor-page-right\">\n<div class=\"autor-page-name\">Prof. Dr. Michael Heise<\/div>\n<p>Michael Heise ist Chefvolkswirt bei HQ Trust.<\/p>\n<\/div>\n<\/div>\n<div class=\"autor-page-group\">\n<div class=\"autor-page-left\"><img decoding=\"async\" src=\"\/wordpress\/bilder\/just123.png\" alt=\"\" \/><\/div>\n<div class=\"autor-page-right\">\n<div class=\"autor-page-name\">Prof. Dr. Tobias Just<\/div>\n<p>Tobias Just ist Wissenschaftlicher Leiter der IREBS Immobilienakademie und Professor f\u00fcr Immobilienwirtschaft an der Universit\u00e4t Regensburg.<\/p>\n<\/div>\n<\/div>\n<div class=\"autor-page-group\">\n<div class=\"autor-page-left\"><img decoding=\"async\" src=\"\/wordpress\/bilder\/klodt.jpg\" alt=\"\" \/><\/div>\n<div class=\"autor-page-right\">\n<div class=\"autor-page-name\">Prof. Dr. Henning Klodt<\/div>\n<p>Henning Klodt ist <em>Direktor a. D. am <a href=\"https:\/\/www.ifw-kiel.de\/de\/\">Institut f\u00fcr Weltwirtschaft<\/a> in Kiel.<\/em><\/p>\n<\/div>\n<\/div>\n<div class=\"autor-page-group\">\n<div class=\"autor-page-left\"><img decoding=\"async\" src=\"\/wordpress\/bilder\/Kooths.jpg\" alt=\"\" \/><\/div>\n<div class=\"autor-page-right\">\n<div class=\"autor-page-name\">Dr. Stefan Kooths<\/div>\n<p><a href=\"http:\/\/www.kooths.de\/\"> Stefan Kooths<\/a> ist Leiter des Prognose-Zentrums im <a href=\"http:\/\/www.ifw-kiel.de\/http:\/\/\">Institut f\u00fcr Weltwirtschaft in Kiel<\/a> und betreut dessen Berliner B\u00fcro.<\/p>\n<\/div>\n<\/div>\n<div class=\"autor-page-group\">\n<div class=\"autor-page-left\"><img decoding=\"async\" src=\"\/wordpress\/bilder\/kraemerczb.png\" alt=\"\" \/><\/div>\n<div class=\"autor-page-right\">\n<div class=\"autor-page-name\">Dr. J\u00f6rg Kr\u00e4mer<\/div>\n<p>J\u00f6rg Kr\u00e4mer ist Chefvolkswirt der Commerzbank AG.<\/p>\n<\/div>\n<\/div>\n<div class=\"autor-page-group\">\n<div class=\"autor-page-left\"><img decoding=\"async\" src=\"\/wordpress\/bilder\/mayerfvs.png\" alt=\"\" \/><\/div>\n<div class=\"autor-page-right\">\n<div class=\"autor-page-name\">Prof. Dr. Thomas Mayer<\/div>\n<p><a href=\"https:\/\/www.flossbachvonstorch-researchinstitute.com\/de\/ueber-uns\/team\/\">Thomas Mayer<\/a> ist Gr\u00fcndungsdirektor und Leiter des Flossbach von Storch Research Institute. Er ist Honorarprofessor der Universit\u00e4t Witten-Herdecke.<\/p>\n<\/div>\n<\/div>\n<div class=\"autor-page-group\">\n<div class=\"autor-page-left\"><img decoding=\"async\" src=\"\/wordpress\/bilder\/quitzau.png\" alt=\"\" \/><\/div>\n<div class=\"autor-page-right\">\n<div class=\"autor-page-name\">Dr. J\u00f6rn Quitzau<\/div>\n<p>J\u00f6rn Quitzau ist Volkswirt bei der <a href=\"http:\/\/www.berenberg.de\/\">Berenberg Bank<\/a> mit den Schwerpunktthemen Wirtschaftspolitik und W\u00e4hrungen. Er betreibt die Website <a href=\"http:\/\/www.fussball-oekonomie.de\/\">Fussball-Oekonomie.de<\/a>.<\/p>\n<\/div>\n<\/div>\n<div class=\"autor-page-group\">\n<div class=\"autor-page-left\"><img decoding=\"async\" src=\"\/wordpress\/bilder\/244.png\" alt=\"\" \/><\/div>\n<div class=\"autor-page-right\">\n<div class=\"autor-page-name\">Prof. Dr. Bernd Raffelh\u00fcschen<\/div>\n<p><a href=\"https:\/\/www.fiwi1.uni-freiburg.de\/raffelhueschen\/lebenslauf.html\">Bernd Raffelh\u00fcschen<\/a> ist Professor f\u00fcr Finanzwissenschaft an der Albert-Ludwigs-Universit\u00e4t Freiburg.<\/p>\n<\/div>\n<\/div>\n<div class=\"autor-page-group\">\n<div class=\"autor-page-left\"><img decoding=\"async\" src=\"\/wordpress\/bilder\/schaaf.png\" alt=\"\" \/><\/div>\n<div class=\"autor-page-right\">\n<div class=\"autor-page-name\">Dr. J\u00fcrgen Schaaf<\/div>\n<p>J\u00fcrgen Schaaf ist Berater der Leitung des Gesch\u00e4ftsbereichs Marktinfrastrukturen und Zahlungsverkehr bei der Europ\u00e4ischen Zentralbank.<\/p>\n<p>&nbsp;<\/p>\n<\/div>\n<\/div>\n<div class=\"autor-page-group\">\n<div class=\"autor-page-left\"><img decoding=\"async\" src=\"\/wordpress\/bilder\/autoren\/jan_schnellenbach.png\" alt=\"\" \/><\/div>\n<div class=\"autor-page-right\">\n<div class=\"autor-page-name\">Prof. Dr. Jan Schnellenbach<\/div>\n<p><a href=\"http:\/\/www.jan-schnellenbach.de\/\">Jan Schnellenbach<\/a> ist Inhaber des Lehrstuhls VWL II: Mikro\u00f6konomie an der <a href=\"http:\/\/www.b-tu.de\/b-tu\/\">BTU Cottbus<\/a>. Er war gesch\u00e4ftsf\u00fchrender Forschungsreferent am Freiburger <a href=\"http:\/\/www.eucken.de\" target=\"_blank\" rel=\"noopener\">Walter Eucken Institut<\/a>.<\/p>\n<\/div>\n<\/div>\n<div class=\"autor-page-group\">\n<div class=\"autor-page-left\"><img decoding=\"async\" src=\"\/wordpress\/bilder\/autoren\/schoeb.jpg\" alt=\"\" \/><\/div>\n<div class=\"autor-page-right\">\n<div class=\"autor-page-name\">Prof. Dr. Ronnie Sch\u00f6b<\/div>\n<p><a href=\"http:\/\/www.wiwiss.fu-berlin.de\/fachbereich\/vwl\/schoeb\/lehrstuhl\/schoeb\/index.html\" target=\"_blank\" rel=\"noopener\">Ronnie Sch\u00f6b<\/a> ist Inhaber des <a href=\"http:\/\/www.wiwiss.fu-berlin.de\/fachbereich\/vwl\/schoeb\/index.html\" target=\"_blank\" rel=\"noopener\">Lehrstuhls f\u00fcr Finanzwissenschaft mit dem Schwerpunkt internationale Finanzpolitik<\/a> an der Freien Universit\u00e4t Berlin.<\/p>\n<\/div>\n<\/div>\n<div class=\"autor-page-group\">\n<div class=\"autor-page-left\"><img decoding=\"async\" src=\"\/wordpress\/bilder\/stadelmann.png\" alt=\"\" \/><\/div>\n<div class=\"autor-page-right\">\n<div class=\"autor-page-name\">Prof. Dr. David Stadelmann<\/div>\n<p><a href=\"http:\/\/www.entwicklung.uni-bayreuth.de\/en\/team\/david-stadelmann\/index.html\">David Stadelmann<\/a> ist Professor f\u00fcr Volkswirtschaftslehre an der Universit\u00e4t Bayreuth und Research Fellow von CREMA (Center for Research in Economics, Management and the Arts).<\/p>\n<\/div>\n<\/div>\n<div class=\"autor-page-group\">\n<div class=\"autor-page-left\"><img decoding=\"async\" src=\"\/wordpress\/bilder\/traud.png\" alt=\"\" \/><\/div>\n<div class=\"autor-page-right\">\n<div class=\"autor-page-name\">Dr. Gertrud R. Traud<\/div>\n<p>Gertrud R. Traud ist Chefvolkswirtin der Helaba.<\/p>\n<\/div>\n<\/div>\n<div class=\"autor-page-group\">\n<div class=\"autor-page-left\"><img decoding=\"async\" src=\"\/wordpress\/bilder\/wambach.png\" alt=\"\" \/><\/div>\n<div class=\"autor-page-right\">\n<div class=\"autor-page-name\">Prof. Dr. Achim Wambach<\/div>\n<p>Achim Wambach ist Pr\u00e4sident des Zentrums f\u00fcr Europ\u00e4ische Wirtschaftsforschung (ZEW) und Professor f\u00fcr Volkswirtschaftslehre an der Universit\u00e4t Mannheim.<\/p>\n<\/div>\n<\/div>\n<div class=\"autor-page-group\">\n<div class=\"autor-page-left\"><img decoding=\"async\" src=\"\/wordpress\/bilder\/weimann1.png\" alt=\"\" \/><\/div>\n<div class=\"autor-page-right\">\n<div class=\"autor-page-name\">Prof. Dr. Joachim Weimann<\/div>\n<p>Joachim Weimann ist Inhaber des <a href=\"https:\/\/www.vwl3.ovgu.de\/\">Lehrstuhls f\u00fcr Wirtschaftspolitik<\/a> an der Otto von Guericke-Universit\u00e4t Magedburg.<\/p>\n<\/div>\n<\/div>\n<div class=\"autor-page-group\">\n<div class=\"autor-page-left\"><img decoding=\"async\" src=\"\/wordpress\/bilder\/wester.png\" alt=\"\" \/><\/div>\n<div class=\"autor-page-right\">\n<div class=\"autor-page-name\">Dr. Peter Westerheide<\/div>\n<p>Peter Westerheide ist Chefvolkswirt der BASF.<\/p>\n<\/div>\n<\/div>\n<!-- AddThis Advanced Settings generic via filter on the_content --><!-- AddThis Share Buttons generic via filter on the_content --><!-- AddThis Related Posts generic via filter on the_content -->","protected":false},"excerpt":{"rendered":"<p>Dr. Katrin Assenmacher Katrin Assenmacher ist Leiterin der Abteilung f\u00fcr Geldpolitische Strategie der EZB. Prof. Dr. Norbert Berthold Norbert Berthold (emeritiert) war Inhaber des Lehrstuhls &hellip; <\/p>\n<p class=\"link-more\"><a href=\"https:\/\/wirtschaftlichefreiheit.de\/wordpress\/?page_id=28463\" class=\"more-link\"><span class=\"screen-reader-text\">\u201eTeilnehmer\u201c <\/span>weiterlesen<\/a><\/p>\n<p><!-- AddThis Advanced Settings generic via filter on wp_trim_excerpt --><!-- AddThis Share Buttons generic via filter on wp_trim_excerpt --><!-- AddThis Related Posts generic via filter on wp_trim_excerpt --><\/p>\n","protected":false},"author":129,"featured_media":0,"parent":0,"menu_order":0,"comment_status":"closed","ping_status":"closed","template":"","meta":{"footnotes":""},"class_list":["post-28463","page","type-page","status-publish","hentry"],"yoast_head":"<!-- This site is optimized with the Yoast SEO plugin v27.2 - https:\/\/yoast.com\/product\/yoast-seo-wordpress\/ -->\n<title>Teilnehmer - Wirtschaftliche Freiheit<\/title>\n<meta name=\"robots\" content=\"index, follow, max-snippet:-1, max-image-preview:large, max-video-preview:-1\" \/>\n<link rel=\"canonical\" href=\"https:\/\/wirtschaftlichefreiheit.de\/wordpress\/?page_id=28463\" \/>\n<meta property=\"og:locale\" content=\"de_DE\" \/>\n<meta property=\"og:type\" content=\"article\" \/>\n<meta property=\"og:title\" content=\"Teilnehmer - Wirtschaftliche Freiheit\" \/>\n<meta property=\"og:description\" content=\"Dr. Katrin Assenmacher Katrin Assenmacher ist Leiterin der Abteilung f\u00fcr Geldpolitische Strategie der EZB. Prof. Dr. Norbert Berthold Norbert Berthold (emeritiert) war Inhaber des Lehrstuhls &hellip; \u201eTeilnehmer\u201c weiterlesen\" \/>\n<meta property=\"og:url\" content=\"https:\/\/wirtschaftlichefreiheit.de\/wordpress\/?page_id=28463\" \/>\n<meta property=\"og:site_name\" content=\"Wirtschaftliche Freiheit\" \/>\n<meta property=\"article:modified_time\" content=\"2022-05-14T07:19:15+00:00\" \/>\n<meta name=\"twitter:card\" content=\"summary_large_image\" \/>\n<meta name=\"twitter:label1\" content=\"Gesch\u00e4tzte Lesezeit\" \/>\n\t<meta name=\"twitter:data1\" content=\"3\u00a0Minuten\" \/>\n<script type=\"application\/ld+json\" class=\"yoast-schema-graph\">{\"@context\":\"https:\/\/schema.org\",\"@graph\":[{\"@type\":\"WebPage\",\"@id\":\"https:\/\/wirtschaftlichefreiheit.de\/wordpress\/?page_id=28463\",\"url\":\"https:\/\/wirtschaftlichefreiheit.de\/wordpress\/?page_id=28463\",\"name\":\"Teilnehmer - Wirtschaftliche Freiheit\",\"isPartOf\":{\"@id\":\"https:\/\/wirtschaftlichefreiheit.de\/wordpress\/#website\"},\"datePublished\":\"2020-12-29T11:30:21+00:00\",\"dateModified\":\"2022-05-14T07:19:15+00:00\",\"breadcrumb\":{\"@id\":\"https:\/\/wirtschaftlichefreiheit.de\/wordpress\/?page_id=28463#breadcrumb\"},\"inLanguage\":\"de\",\"potentialAction\":[{\"@type\":\"ReadAction\",\"target\":[\"https:\/\/wirtschaftlichefreiheit.de\/wordpress\/?page_id=28463\"]}]},{\"@type\":\"BreadcrumbList\",\"@id\":\"https:\/\/wirtschaftlichefreiheit.de\/wordpress\/?page_id=28463#breadcrumb\",\"itemListElement\":[{\"@type\":\"ListItem\",\"position\":1,\"name\":\"Startseite\",\"item\":\"https:\/\/wirtschaftlichefreiheit.de\/wordpress\"},{\"@type\":\"ListItem\",\"position\":2,\"name\":\"Teilnehmer\"}]},{\"@type\":\"WebSite\",\"@id\":\"https:\/\/wirtschaftlichefreiheit.de\/wordpress\/#website\",\"url\":\"https:\/\/wirtschaftlichefreiheit.de\/wordpress\/\",\"name\":\"Wirtschaftliche Freiheit\",\"description\":\"Das ordnungspolitische Journal\",\"potentialAction\":[{\"@type\":\"SearchAction\",\"target\":{\"@type\":\"EntryPoint\",\"urlTemplate\":\"https:\/\/wirtschaftlichefreiheit.de\/wordpress\/?s={search_term_string}\"},\"query-input\":{\"@type\":\"PropertyValueSpecification\",\"valueRequired\":true,\"valueName\":\"search_term_string\"}}],\"inLanguage\":\"de\"}]}<\/script>\n<!-- \/ Yoast SEO plugin. -->","yoast_head_json":{"title":"Teilnehmer - Wirtschaftliche Freiheit","robots":{"index":"index","follow":"follow","max-snippet":"max-snippet:-1","max-image-preview":"max-image-preview:large","max-video-preview":"max-video-preview:-1"},"canonical":"https:\/\/wirtschaftlichefreiheit.de\/wordpress\/?page_id=28463","og_locale":"de_DE","og_type":"article","og_title":"Teilnehmer - Wirtschaftliche Freiheit","og_description":"Dr. Katrin Assenmacher Katrin Assenmacher ist Leiterin der Abteilung f\u00fcr Geldpolitische Strategie der EZB. Prof. Dr. Norbert Berthold Norbert Berthold (emeritiert) war Inhaber des Lehrstuhls &hellip; \u201eTeilnehmer\u201c weiterlesen","og_url":"https:\/\/wirtschaftlichefreiheit.de\/wordpress\/?page_id=28463","og_site_name":"Wirtschaftliche Freiheit","article_modified_time":"2022-05-14T07:19:15+00:00","twitter_card":"summary_large_image","twitter_misc":{"Gesch\u00e4tzte Lesezeit":"3\u00a0Minuten"},"schema":{"@context":"https:\/\/schema.org","@graph":[{"@type":"WebPage","@id":"https:\/\/wirtschaftlichefreiheit.de\/wordpress\/?page_id=28463","url":"https:\/\/wirtschaftlichefreiheit.de\/wordpress\/?page_id=28463","name":"Teilnehmer - Wirtschaftliche Freiheit","isPartOf":{"@id":"https:\/\/wirtschaftlichefreiheit.de\/wordpress\/#website"},"datePublished":"2020-12-29T11:30:21+00:00","dateModified":"2022-05-14T07:19:15+00:00","breadcrumb":{"@id":"https:\/\/wirtschaftlichefreiheit.de\/wordpress\/?page_id=28463#breadcrumb"},"inLanguage":"de","potentialAction":[{"@type":"ReadAction","target":["https:\/\/wirtschaftlichefreiheit.de\/wordpress\/?page_id=28463"]}]},{"@type":"BreadcrumbList","@id":"https:\/\/wirtschaftlichefreiheit.de\/wordpress\/?page_id=28463#breadcrumb","itemListElement":[{"@type":"ListItem","position":1,"name":"Startseite","item":"https:\/\/wirtschaftlichefreiheit.de\/wordpress"},{"@type":"ListItem","position":2,"name":"Teilnehmer"}]},{"@type":"WebSite","@id":"https:\/\/wirtschaftlichefreiheit.de\/wordpress\/#website","url":"https:\/\/wirtschaftlichefreiheit.de\/wordpress\/","name":"Wirtschaftliche Freiheit","description":"Das ordnungspolitische Journal","potentialAction":[{"@type":"SearchAction","target":{"@type":"EntryPoint","urlTemplate":"https:\/\/wirtschaftlichefreiheit.de\/wordpress\/?s={search_term_string}"},"query-input":{"@type":"PropertyValueSpecification","valueRequired":true,"valueName":"search_term_string"}}],"inLanguage":"de"}]}},"_links":{"self":[{"href":"https:\/\/wirtschaftlichefreiheit.de\/wordpress\/index.php?rest_route=\/wp\/v2\/pages\/28463","targetHints":{"allow":["GET"]}}],"collection":[{"href":"https:\/\/wirtschaftlichefreiheit.de\/wordpress\/index.php?rest_route=\/wp\/v2\/pages"}],"about":[{"href":"https:\/\/wirtschaftlichefreiheit.de\/wordpress\/index.php?rest_route=\/wp\/v2\/types\/page"}],"author":[{"embeddable":true,"href":"https:\/\/wirtschaftlichefreiheit.de\/wordpress\/index.php?rest_route=\/wp\/v2\/users\/129"}],"replies":[{"embeddable":true,"href":"https:\/\/wirtschaftlichefreiheit.de\/wordpress\/index.php?rest_route=%2Fwp%2Fv2%2Fcomments&post=28463"}],"version-history":[{"count":24,"href":"https:\/\/wirtschaftlichefreiheit.de\/wordpress\/index.php?rest_route=\/wp\/v2\/pages\/28463\/revisions"}],"predecessor-version":[{"id":30983,"href":"https:\/\/wirtschaftlichefreiheit.de\/wordpress\/index.php?rest_route=\/wp\/v2\/pages\/28463\/revisions\/30983"}],"wp:attachment":[{"href":"https:\/\/wirtschaftlichefreiheit.de\/wordpress\/index.php?rest_route=%2Fwp%2Fv2%2Fmedia&parent=28463"}],"curies":[{"name":"wp","href":"https:\/\/api.w.org\/{rel}","templated":true}]}}