{"id":9784,"date":"2012-07-27T13:14:45","date_gmt":"2012-07-27T12:14:45","guid":{"rendered":"http:\/\/wirtschaftlichefreiheit.de\/wordpress\/?page_id=9784"},"modified":"2021-09-19T09:46:42","modified_gmt":"2021-09-19T08:46:42","slug":"ordothek","status":"publish","type":"page","link":"https:\/\/wirtschaftlichefreiheit.de\/wordpress\/?page_id=9784","title":{"rendered":"Ordothek"},"content":{"rendered":"<h3><span style=\"color: #3366ff;\">5. Was ist gute Klimapolitik?<\/span><\/h3>\n<p>Vorschl\u00e4ge, wie dem Klimawandel beizukommen ist, gibt es viele. Aber wie beurteilen wir, was sie taugen? Was macht gute Klimapolitik eigentlich aus? Kann man dazu etwas sagen? Man kann!<\/p>\n<p><!--more--><br \/>\n<iframe loading=\"lazy\" title=\"YouTube video player\" src=\"https:\/\/www.youtube.com\/embed\/yud18wViQNM\" width=\"643\" height=\"641\" frameborder=\"0\" allowfullscreen=\"allowfullscreen\"><\/iframe><\/p>\n<h3><span style=\"color: #3366ff;\">4. Der F\u00f6rderwahn bei Hybridfahrzeugen<\/span><\/h3>\n<p>Klimapolitik ist in Deutschland in erster Linie Auflagenpolitik. Der Staat legt fest, wie wir CO2 einsparen sollen und er l\u00e4sst uns dabei wenig Spielraum. Im Verkehrssektor beispielsweise wird CO2 durch Elektromobilit\u00e4t eingespart. Und damit das auch klappt, wird diese Technik massiv subventioniert. Wohin diese Art Politik f\u00fchrt, zeigt die F\u00f6rderung von Hybrid Fahrzeugen. Die auflagenpolitische Logik f\u00fchrt dann dazu, dass wir das Geld der Steuerzahler ausgeben und damit erreichen, dass mehr CO2 emittiert wird als ohne den staatlichen Eingriff. Planwirtschaftliches Handeln steckt eben voller T\u00fccken. Eigentlich sollten wir das ja wissen.<!--more--><\/p>\n<p><iframe loading=\"lazy\" title=\"NMK:_ Der F\u00f6rderwahn bei Hybridfahrzeugen\" width=\"525\" height=\"295\" src=\"https:\/\/www.youtube.com\/embed\/WkDLm8c8hXA?feature=oembed\" frameborder=\"0\" allow=\"accelerometer; autoplay; clipboard-write; encrypted-media; gyroscope; picture-in-picture; web-share\" referrerpolicy=\"strict-origin-when-cross-origin\" allowfullscreen><\/iframe><\/p>\n<h3><span style=\"color: #3366ff;\">3. Ist das Urteil des Bundesverfassungsgerichts vern\u00fcnftig?<\/span><\/h3>\n<div>\n<p><span class=\"css-901oao css-16my406 r-poiln3 r-bcqeeo r-qvutc0\">Das Urteil des <\/span><span class=\"r-18u37iz\"><a class=\"css-4rbku5 css-18t94o4 css-901oao css-16my406 r-1n1174f r-1loqt21 r-poiln3 r-bcqeeo r-qvutc0\" dir=\"ltr\" href=\"https:\/\/twitter.com\/hashtag\/BVerfG?src=hashtag_click\">BVerfG<\/a><\/span><span class=\"css-901oao css-16my406 r-poiln3 r-bcqeeo r-qvutc0\"> hat gro\u00dfe Wellen geschlagen. Die einen feiern es als gro\u00dfen Wurf f\u00fcr die Freiheit zuk\u00fcnftiger Generationen. Ich sehe das anders. Warum das Urteil zu eine Benachteiligung aller in Zukunft f\u00fchrt, erkl\u00e4re ich in meinem neuesten Video.\u00a0F\u00fcr das Bundesverfassungsgericht gibt es keine Kosten beim Klimaschutz, das ist aus \u00f6konomischer Sicht ein Desaster. Warum es nicht sinnvoll ist, in allen Sektoren CO2 einsparen zu m\u00fcssen, erkl\u00e4re ich in diesem Video. <\/span><span class=\"css-901oao css-16my406 r-poiln3 r-bcqeeo r-qvutc0\">Das widerspricht auch dem Leitgedanken der Freiheit zwischen den Generationen.<\/span><\/p>\n<p><iframe loading=\"lazy\" title=\"YouTube video player\" src=\"https:\/\/www.youtube.com\/embed\/A6nvk-ps0r4\" width=\"1140\" height=\"641\" frameborder=\"0\" allowfullscreen=\"allowfullscreen\"><\/iframe><\/p>\n<\/div>\n<h3><span style=\"color: #3366ff;\">2. Mythbuster bei Capital: Hat Claudia Kemfert recht?<\/span><\/h3>\n<p>Die Verfechter der deutschen Energiewende gehen nicht eben zimperlich mit Kritikern um. Wer gegen erneuerbare Energien argumentiert und f\u00fcr den Emissionshandel, wird schon mal verd\u00e4chtigt, Mythen zu verbreiten und dunklen M\u00e4chten zu dienen. Claudia Kemfert hat sich ihre Kritiker in einem Artikel vorgenommen, der in der Zeitschrift Capital erschienen ist. Joachim Weimann, einer, der angeblich Mythen verbreitet, hat dies zum Anlass genommen, sich die Thesen von Frau Kemfert einmal etwas genauer anzusehen. Das Ergebnis stellt er in diesem Videoclip vor. Am Ende wird klar, wer tats\u00e4chlich M\u00e4rchen unter die Leute zu bringen versucht.<\/p>\n<header class=\"page-header\">\n<article id=\"post-29034\" class=\"post-29034 post type-post status-publish format-standard has-post-thumbnail hentry category-energiepolitisches category-umweltpolitisches tag-emissionshandel tag-erneuerbare-energien tag-kempfert tag-umweltpolitik tag-weimann\">\n<header class=\"entry-header\"><\/header>\n<\/article>\n<\/header>\n<p><iframe loading=\"lazy\" title=\"YouTube video player\" src=\"https:\/\/www.youtube.com\/embed\/wUKoOwngmv4\" width=\"525\" height=\"295\" frameborder=\"0\" allowfullscreen=\"allowfullscreen\"><\/iframe><\/p>\n<h3><span style=\"color: #0000ff;\">1. Mit Schnelltests gegen die Dunkelziffer<\/span><\/h3>\n<p>Schnelltests werden in Deutschland nur als Instrument gesehen, um lokale Effekte zu erzielen. Sch\u00fcler sollen getestet werden, um den Unterricht sicherer zu machen, Besch\u00e4ftigte, um Arbeitspl\u00e4tze sicher zu machen. Dabei eignen sich Schnelltests hervorragend, um etwas zu bek\u00e4mpfen, was die Ursache allen \u00dcbels ist: Die Dunkelziffer. Damit sind die Menschen gemeint, die das Corona Virus in sich tragen, es aber nicht wissen. Denn die Ansteckungsgefahr geht von diesen Personen aus, nicht von denen, von denen man wei\u00df, dass sie infiziert sind. Je kleiner die Dunkelziffer, desto geringer das Infektionsrisiko und desto geringer die schweren Erkrankungen. In diesem \u201eNur mal kurz\u201c Video ruft Professor Weimann dazu auf, die Chance, mit massenhaft durchgef\u00fchrten Schnelltest die Dunkelziffer zu senken, endlich zu ergreifen. Wir brauchen nicht nur Beschr\u00e4nkungen der Freiheit. Wir brauchen auch konstruktive Ma\u00dfnahmen, die uns helfen, die Ursache f\u00fcr die Freiheitseinschr\u00e4nkungen zu bek\u00e4mpfen.<\/p>\n<p><iframe loading=\"lazy\" title=\"NMK:_ Mit Schnelltests gegen die Dunkelziffer\" width=\"525\" height=\"295\" src=\"https:\/\/www.youtube.com\/embed\/waA50OEm_N4?feature=oembed\" frameborder=\"0\" allow=\"accelerometer; autoplay; clipboard-write; encrypted-media; gyroscope; picture-in-picture; web-share\" referrerpolicy=\"strict-origin-when-cross-origin\" allowfullscreen><\/iframe><\/p>\n<p>&nbsp;<\/p>\n<!-- AddThis Advanced Settings generic via filter on the_content --><!-- AddThis Share Buttons generic via filter on the_content --><!-- AddThis Related Posts generic via filter on the_content -->","protected":false},"excerpt":{"rendered":"<p>5. Was ist gute Klimapolitik? Vorschl\u00e4ge, wie dem Klimawandel beizukommen ist, gibt es viele. Aber wie beurteilen wir, was sie taugen? Was macht gute Klimapolitik &hellip; <\/p>\n<p class=\"link-more\"><a href=\"https:\/\/wirtschaftlichefreiheit.de\/wordpress\/?page_id=9784\" class=\"more-link\"><span class=\"screen-reader-text\">\u201eOrdothek\u201c <\/span>weiterlesen<\/a><\/p>\n<p><!-- AddThis Advanced Settings generic via filter on wp_trim_excerpt --><!-- AddThis Share Buttons generic via filter on wp_trim_excerpt --><!-- AddThis Related Posts generic via filter on wp_trim_excerpt --><\/p>\n","protected":false},"author":96,"featured_media":0,"parent":0,"menu_order":0,"comment_status":"open","ping_status":"open","template":"","meta":{"footnotes":""},"class_list":["post-9784","page","type-page","status-publish","hentry"],"yoast_head":"<!-- This site is optimized with the Yoast SEO plugin v27.2 - https:\/\/yoast.com\/product\/yoast-seo-wordpress\/ -->\n<title>Ordothek - Wirtschaftliche Freiheit<\/title>\n<meta name=\"robots\" content=\"index, follow, max-snippet:-1, max-image-preview:large, max-video-preview:-1\" \/>\n<link rel=\"canonical\" href=\"https:\/\/wirtschaftlichefreiheit.de\/wordpress\/?page_id=9784\" \/>\n<meta property=\"og:locale\" content=\"de_DE\" \/>\n<meta property=\"og:type\" content=\"article\" \/>\n<meta property=\"og:title\" content=\"Ordothek - Wirtschaftliche Freiheit\" \/>\n<meta property=\"og:description\" content=\"5. Was ist gute Klimapolitik? Vorschl\u00e4ge, wie dem Klimawandel beizukommen ist, gibt es viele. Aber wie beurteilen wir, was sie taugen? Was macht gute Klimapolitik &hellip; \u201eOrdothek\u201c weiterlesen\" \/>\n<meta property=\"og:url\" content=\"https:\/\/wirtschaftlichefreiheit.de\/wordpress\/?page_id=9784\" \/>\n<meta property=\"og:site_name\" content=\"Wirtschaftliche Freiheit\" \/>\n<meta property=\"article:modified_time\" content=\"2021-09-19T08:46:42+00:00\" \/>\n<meta name=\"twitter:card\" content=\"summary_large_image\" \/>\n<meta name=\"twitter:label1\" content=\"Gesch\u00e4tzte Lesezeit\" \/>\n\t<meta name=\"twitter:data1\" content=\"3\u00a0Minuten\" \/>\n<script type=\"application\/ld+json\" class=\"yoast-schema-graph\">{\"@context\":\"https:\/\/schema.org\",\"@graph\":[{\"@type\":\"WebPage\",\"@id\":\"https:\/\/wirtschaftlichefreiheit.de\/wordpress\/?page_id=9784\",\"url\":\"https:\/\/wirtschaftlichefreiheit.de\/wordpress\/?page_id=9784\",\"name\":\"Ordothek - Wirtschaftliche Freiheit\",\"isPartOf\":{\"@id\":\"https:\/\/wirtschaftlichefreiheit.de\/wordpress\/#website\"},\"datePublished\":\"2012-07-27T12:14:45+00:00\",\"dateModified\":\"2021-09-19T08:46:42+00:00\",\"breadcrumb\":{\"@id\":\"https:\/\/wirtschaftlichefreiheit.de\/wordpress\/?page_id=9784#breadcrumb\"},\"inLanguage\":\"de\",\"potentialAction\":[{\"@type\":\"ReadAction\",\"target\":[\"https:\/\/wirtschaftlichefreiheit.de\/wordpress\/?page_id=9784\"]}]},{\"@type\":\"BreadcrumbList\",\"@id\":\"https:\/\/wirtschaftlichefreiheit.de\/wordpress\/?page_id=9784#breadcrumb\",\"itemListElement\":[{\"@type\":\"ListItem\",\"position\":1,\"name\":\"Startseite\",\"item\":\"https:\/\/wirtschaftlichefreiheit.de\/wordpress\"},{\"@type\":\"ListItem\",\"position\":2,\"name\":\"Ordothek\"}]},{\"@type\":\"WebSite\",\"@id\":\"https:\/\/wirtschaftlichefreiheit.de\/wordpress\/#website\",\"url\":\"https:\/\/wirtschaftlichefreiheit.de\/wordpress\/\",\"name\":\"Wirtschaftliche Freiheit\",\"description\":\"Das ordnungspolitische Journal\",\"potentialAction\":[{\"@type\":\"SearchAction\",\"target\":{\"@type\":\"EntryPoint\",\"urlTemplate\":\"https:\/\/wirtschaftlichefreiheit.de\/wordpress\/?s={search_term_string}\"},\"query-input\":{\"@type\":\"PropertyValueSpecification\",\"valueRequired\":true,\"valueName\":\"search_term_string\"}}],\"inLanguage\":\"de\"}]}<\/script>\n<!-- \/ Yoast SEO plugin. -->","yoast_head_json":{"title":"Ordothek - Wirtschaftliche Freiheit","robots":{"index":"index","follow":"follow","max-snippet":"max-snippet:-1","max-image-preview":"max-image-preview:large","max-video-preview":"max-video-preview:-1"},"canonical":"https:\/\/wirtschaftlichefreiheit.de\/wordpress\/?page_id=9784","og_locale":"de_DE","og_type":"article","og_title":"Ordothek - Wirtschaftliche Freiheit","og_description":"5. Was ist gute Klimapolitik? Vorschl\u00e4ge, wie dem Klimawandel beizukommen ist, gibt es viele. Aber wie beurteilen wir, was sie taugen? Was macht gute Klimapolitik &hellip; \u201eOrdothek\u201c weiterlesen","og_url":"https:\/\/wirtschaftlichefreiheit.de\/wordpress\/?page_id=9784","og_site_name":"Wirtschaftliche Freiheit","article_modified_time":"2021-09-19T08:46:42+00:00","twitter_card":"summary_large_image","twitter_misc":{"Gesch\u00e4tzte Lesezeit":"3\u00a0Minuten"},"schema":{"@context":"https:\/\/schema.org","@graph":[{"@type":"WebPage","@id":"https:\/\/wirtschaftlichefreiheit.de\/wordpress\/?page_id=9784","url":"https:\/\/wirtschaftlichefreiheit.de\/wordpress\/?page_id=9784","name":"Ordothek - Wirtschaftliche Freiheit","isPartOf":{"@id":"https:\/\/wirtschaftlichefreiheit.de\/wordpress\/#website"},"datePublished":"2012-07-27T12:14:45+00:00","dateModified":"2021-09-19T08:46:42+00:00","breadcrumb":{"@id":"https:\/\/wirtschaftlichefreiheit.de\/wordpress\/?page_id=9784#breadcrumb"},"inLanguage":"de","potentialAction":[{"@type":"ReadAction","target":["https:\/\/wirtschaftlichefreiheit.de\/wordpress\/?page_id=9784"]}]},{"@type":"BreadcrumbList","@id":"https:\/\/wirtschaftlichefreiheit.de\/wordpress\/?page_id=9784#breadcrumb","itemListElement":[{"@type":"ListItem","position":1,"name":"Startseite","item":"https:\/\/wirtschaftlichefreiheit.de\/wordpress"},{"@type":"ListItem","position":2,"name":"Ordothek"}]},{"@type":"WebSite","@id":"https:\/\/wirtschaftlichefreiheit.de\/wordpress\/#website","url":"https:\/\/wirtschaftlichefreiheit.de\/wordpress\/","name":"Wirtschaftliche Freiheit","description":"Das ordnungspolitische Journal","potentialAction":[{"@type":"SearchAction","target":{"@type":"EntryPoint","urlTemplate":"https:\/\/wirtschaftlichefreiheit.de\/wordpress\/?s={search_term_string}"},"query-input":{"@type":"PropertyValueSpecification","valueRequired":true,"valueName":"search_term_string"}}],"inLanguage":"de"}]}},"_links":{"self":[{"href":"https:\/\/wirtschaftlichefreiheit.de\/wordpress\/index.php?rest_route=\/wp\/v2\/pages\/9784","targetHints":{"allow":["GET"]}}],"collection":[{"href":"https:\/\/wirtschaftlichefreiheit.de\/wordpress\/index.php?rest_route=\/wp\/v2\/pages"}],"about":[{"href":"https:\/\/wirtschaftlichefreiheit.de\/wordpress\/index.php?rest_route=\/wp\/v2\/types\/page"}],"author":[{"embeddable":true,"href":"https:\/\/wirtschaftlichefreiheit.de\/wordpress\/index.php?rest_route=\/wp\/v2\/users\/96"}],"replies":[{"embeddable":true,"href":"https:\/\/wirtschaftlichefreiheit.de\/wordpress\/index.php?rest_route=%2Fwp%2Fv2%2Fcomments&post=9784"}],"version-history":[{"count":72,"href":"https:\/\/wirtschaftlichefreiheit.de\/wordpress\/index.php?rest_route=\/wp\/v2\/pages\/9784\/revisions"}],"predecessor-version":[{"id":29831,"href":"https:\/\/wirtschaftlichefreiheit.de\/wordpress\/index.php?rest_route=\/wp\/v2\/pages\/9784\/revisions\/29831"}],"wp:attachment":[{"href":"https:\/\/wirtschaftlichefreiheit.de\/wordpress\/index.php?rest_route=%2Fwp%2Fv2%2Fmedia&parent=9784"}],"curies":[{"name":"wp","href":"https:\/\/api.w.org\/{rel}","templated":true}]}}